{"id":1081,"date":"2022-03-11T12:40:30","date_gmt":"2022-03-11T12:40:30","guid":{"rendered":"https:\/\/carsoutlet.lv\/pirkuma-liguma-paraugs\/"},"modified":"2024-03-07T11:11:56","modified_gmt":"2024-03-07T11:11:56","slug":"obrazets-dogovora-kupli-prodazhi","status":"publish","type":"page","link":"https:\/\/carsoutlet.lv\/ru\/obrazets-dogovora-kupli-prodazhi\/","title":{"rendered":"\u041e\u0431\u0440\u0430\u0437\u0435\u0446 \u0434\u043e\u0433\u043e\u0432\u043e\u0440\u0430 \u043a\u0443\u043f\u043b\u0438-\u043f\u0440\u043e\u0434\u0430\u0436\u0438"},"content":{"rendered":"<p><strong>PIRKUMA L\u012aGUMS Nr.___<\/strong><\/p>\n<p><strong>R\u012bg\u0101<\/strong><\/p>\n<p>20__.gada __._____<\/p>\n<p><strong>SIA<\/strong> \u201e<strong>Autobuks<\/strong>\u201d, re\u0123istr\u0101cijas nr.: 40203348235, t\u0101s klientu konsultants \u2026\u2026\u2026\u2026 person\u0101, kur\u0161 darbojas pamatojoties uz Stat\u016btiem, turpm\u0101k \u2013 P\u0101rdev\u0113js, no vienas puses, un: \u2026\u2026\u2026\u2026 &#8211; \u2026\u2026\u2026\u2026 korespondences \u2026\u2026\u2026\u2026\u2026\u2026., turpm\u0101k &#8211; Pirc\u0113js, no otras puses, turpm\u0101k tekst\u0101 abi kop\u0101 \u201ePuses\u201d, nosl\u0113dz sekojo\u0161a satura l\u012bgumu, turpm\u0101k tekst\u0101 &#8211; L\u012bgums:<\/p>\n<p>1.<strong> L\u012bguma priek\u0161mets<\/strong><\/p>\n<p>1.1. P\u0101rdev\u0113js p\u0101rdod un Pirc\u0113js p\u0113rk, P\u0101rdev\u0113jam piedero\u0161u transportl\u012bdzekli, turpm\u0101k &#8211; Automa\u0161\u012bna:<\/p>\n<p><strong>Marka<\/strong>, <strong>Modelis<\/strong>: \u2026\u2026..<br \/>\n<strong>1. re\u0123istr\u0101cijas gads<\/strong>: \u2026\u2026..<br \/>\n<strong>Dzin\u0113js, p\u0101rnesumk\u0101rbas tips<\/strong>: \u2026\u2026..<br \/>\n<strong>Kr\u0101sa<\/strong>: \u2026\u2026..<br \/>\n<strong>VIN numurs<\/strong>: \u2026\u2026..<br \/>\n<strong>Nobraukums<\/strong>: \u2026\u2026.. km<\/p>\n<p>1.2. Pirc\u0113js apliecina, ka tas ir piln\u012bgi un vispus\u012bgi iepazinies ar Automa\u0161\u012bnas tehnisko un vizu\u0101lo st\u0101vokli, gan bez, gan ar tehnisko ier\u012b\u010du un iek\u0101rtu pal\u012bdz\u012bbu. Pirc\u0113js apliecina, ka P\u0101rdev\u0113js tam neliedza iesp\u0113ju Automa\u0161\u012bnas tehnisko st\u0101vokli p\u0101rbaud\u012bt Pirc\u0113ja izv\u0113l\u0113t\u0101 autoservis\u0101. Pirc\u0113js apliecina, ka tas ir guvis pietiekamu priek\u0161tatu par Automa\u0161\u012bnas tehnisko un vizu\u0101lo st\u0101vokli un tas atbilst Pirc\u0113ja v\u0113lm\u0113m un interes\u0113m, un Pirc\u0113js ap\u0146emas \u0161aj\u0101 sakar\u0101 pret P\u0101rdev\u0113ju necelt nek\u0101da veida pretenzijas un neizvirz\u012bt pras\u012bjumus.<\/p>\n<p>1.3. \u0145emot v\u0113r\u0101 Pirc\u0113ja zin\u0101\u0161anas par Automa\u0161\u012bnu un t\u0101s tehnisko st\u0101vokli, Puses vienojas, ka Automa\u0161\u012bna tiek p\u0101rdota t\u0101da, k\u0101da t\u0101 ir, un nek\u0101di tie\u0161i vai netie\u0161i apliecin\u0101jumi par Automa\u0161\u012bnas tehnisko st\u0101vokli Pirc\u0113jam no P\u0101rdev\u0113ja puses netiks sniegti.<\/p>\n<p>1.4. P\u0101rdev\u0113js apliecina, ka tam ir ties\u012bbas Automa\u0161\u012bnu p\u0101rdot, k\u0101 ar\u012b to, ka Automa\u0161\u012bna nav ie\u0137\u012bl\u0101ta vai cit\u0101di apgr\u016btin\u0101ta par labu tre\u0161aj\u0101m person\u0101m.<\/p>\n<p>2.<strong> Pirkuma maksa un samaksas k\u0101rt\u012bba<\/strong><\/p>\n<p>2.1. Puses vienojas, ka Automa\u0161\u012bna tiek p\u0101rdota par Pu\u0161u nol\u012bgtu cenu EUR 7000 septi\u0146i t\u016bksto\u0161i\u00a0 eiro un\u00a0 00 centi), tai skait\u0101 pievienot\u0101s v\u0113rt\u012bbas nodoklis, turpm\u0101k \u2013 Pirkuma maksa.<\/p>\n<p>2.2. Pirkuma maksu Pirc\u0113js samaks\u0101 P\u0101rdev\u0113jam ar bezskaidras naudas p\u0101rskait\u012bjumu, 1(vienas)\u00a0 dienas laik\u0101 no \u012bpa\u0161umties\u012bbu apliec\u012bbas\u00a0 parakst\u012b\u0161anas dienas, atbilsto\u0161i P\u0101rdev\u0113ja izrakst\u012btam r\u0113\u0137inam.<\/p>\n<p>3. <strong>L\u012bguma izpildes k\u0101rt\u012bba<\/strong><\/p>\n<p>3.1. P\u0101rdev\u0113js nodod Pirc\u0113jam Automa\u0161\u012bnu P\u0101rdev\u0113ja re\u0123istr\u0113taj\u0101 transportl\u012bdzek\u013cu tirdzniec\u012bbas viet\u0101 R\u012bg\u0101, Latgales iel\u0101 469C, l\u012bguma nosl\u0113g\u0161anas dien\u0101.<\/p>\n<p>3.2. P\u0101rdev\u0113js, vienlaic\u012bgi ar \u012bpa\u0161umties\u012bbu apliec\u012bbas parakst\u012b\u0161anu, nodod Pirc\u0113jam Automa\u0161\u012bnu ar t\u0101s atsl\u0113g\u0101m un tehnisko dokument\u0101ciju.<\/p>\n<p>3.3. Pirc\u0113ja \u012bpa\u0161uma ties\u012bbas uz Automa\u0161\u012bnu p\u0101riet ar br\u012bdi, kad Automa\u0161\u012bna re\u0123istr\u0113ta VAS Ce\u013cu satiksmes dro\u0161\u012bbas direkcij\u0101 uz Pirc\u0113ja v\u0101rda vai pirc\u0113js re\u0123istr\u0113ts k\u0101 auto tur\u0113t\u0101js un Pirc\u0113js piln\u0101 apm\u0113r\u0101 samaks\u0101jis P\u0101rdev\u0113jam Pirkuma maksu.<\/p>\n<p>4. <strong>Pu\u0161u atbild\u012bba<\/strong><\/p>\n<p>4.1. Puses atl\u012bdzina viena otrai nodar\u012btos tie\u0161os zaud\u0113jumus, kas radu\u0161ies Puses vainojamas darb\u012bbas vai bezdarb\u012bbas d\u0113\u013c.<\/p>\n<p>4.2. No \u0161\u012b L\u012bguma nosl\u0113g\u0161anas l\u012bdz t\u0101 nodo\u0161anai Pirc\u0113ja vald\u012bjum\u0101, visu risku par nejau\u0161u gad\u012bjumu, ja sakar\u0101 ar to Automa\u0161\u012bna iet boj\u0101 vai boj\u0101jas, nes Pirc\u0113js.<\/p>\n<p>4.3. Par L\u012bguma 2.2.punkt\u0101 noteikt\u0101 maks\u0101juma kav\u0113\u0161anu, Pirc\u0113js maks\u0101 kav\u0113juma naudu P\u0101rdev\u0113jam 0,5% (nulle komats pieci procenti) apm\u0113r\u0101 no kav\u0113t\u0101 maks\u0101juma summas, par katru nokav\u0113to dienu.<\/p>\n<p>4.4. Puses ap\u0146emas neizpaust tre\u0161aj\u0101m person\u0101m jebk\u0101du L\u012bguma izpildes gait\u0101 ieg\u016btu inform\u0101ciju par otru Pusi un t\u0101s komercdarb\u012bbu, klientiem un sadarb\u012bbas partneriem.<\/p>\n<p>5.<strong> Nep\u0101rvarama vara<\/strong><\/p>\n<p>Puses nav atbild\u012bgas par L\u012bguma saist\u012bbu piln\u012bgu vai da\u013c\u0113ju neizpildi, ja t\u0101 iemesls ir nep\u0101rvaramas varas apst\u0101k\u013ci, kurus\u00a0 attiec\u012bg\u0101 Puse nav var\u0113jusi ietekm\u0113t un kurus nevar\u0113ja paredz\u0113t, tai skait\u0101 ugunsgr\u0113ks, pl\u016bdi, zemestr\u012bce, stihiskas\u00a0 nelaimes,\u00a0 kar\u0161, k\u0101 ar\u012b valsts varas vai p\u0101rvaldes instit\u016bciju pie\u0146emtie normat\u012bvie akti, kas\u00a0 Pus\u0113m\u00a0 trauc\u0113 pild\u012bt\u00a0 L\u012bgumu.\u00a0 \u0160\u0101d\u0101 gad\u012bjum\u0101 saist\u012bbu izpildes termi\u0146\u0161 tiek pagarin\u0101ts par laiku, kas vien\u0101ds ar iepriek\u0161 min\u0113to apst\u0101k\u013cu izrais\u012bto L\u012bguma saist\u012bbu izpildes aizkav\u0113\u0161anos.<\/p>\n<p>6. <strong>Atteikuma ties\u012bbas<\/strong><\/p>\n<p>6.1.Pirc\u0113js var atteikties no automa\u0161\u012bnas 14 (\u010detrpadsmit) dienu laik\u0101 no pirkuma l\u012bguma nosl\u0113g\u0161anas dienas, izv\u0113loties jebkuru citu SIA Autobuks p\u0101rdo\u0161an\u0101 eso\u0161o automa\u0161\u012bnu.<\/p>\n<p>6.2. Automa\u0161\u012bnu nav iesp\u0113jams atgriezt ja:<\/p>\n<ul>\n<li>P\u0101rsniegtas 14 dienas no pirkuma l\u012bguma nosl\u0113g\u0161anas.<\/li>\n<li>Automa\u0161\u012bna p\u0101rsniedz \u2026\u2026km nobraukuma ierobe\u017eojumus.<\/li>\n<li>Automa\u0161\u012bnai ir vizu\u0101li vai tehniski defekti.<\/li>\n<\/ul>\n<p>6.3. Automa\u0161\u012bna tiek atgriezta par summu, kas nor\u0101d\u012bta pirkuma l\u012bgum\u0101 2.1. punkt\u0101 (P\u0101rdev\u0113js nesedz Pirc\u0113ja izmaksas, kas saist\u012btas ar re\u0123istr\u0101ciju, tehnisko apskati, apdro\u0161in\u0101\u0161anu, l\u012bzinga vai ilgtermi\u0146a nomas noform\u0113\u0161anu komisiju un l\u012bguma lau\u0161anas komisiju.\u00a0 P\u0101rdev\u0113js nesedz Pirc\u0113ja izmaksas, kas saist\u012btas ar Automa\u0161\u012bnas uztur\u0113\u0161anu vai labo\u0161anu.<\/p>\n<p><strong>7. Citi noteikumi<\/strong><\/p>\n<p>7.1. L\u012bgums st\u0101jas sp\u0113k\u0101 t\u0101 parakst\u012b\u0161anas br\u012bd\u012b un ir sp\u0113k\u0101 l\u012bdz piln\u012bgai Pu\u0161u saist\u012bbu izpildei.<\/p>\n<p>7.2. L\u012bgums var tikt izbeigts Pus\u0113m par to rakstveid\u0101 vienojoties.<\/p>\n<p>7.3. P\u0101rdev\u0113js ties\u012bgs vienpus\u0113ji atk\u0101pties no L\u012bguma, rakstveid\u0101 par to pazi\u0146ojot Pirc\u0113jam, ja Pirc\u0113js kav\u0113 L\u012bguma 2.2.punkt\u0101 noteikt\u0101 maks\u0101juma veik\u0161anu ilg\u0101k k\u0101 5 (piecas) dienas, vai cit\u0101di b\u016btiski p\u0101rk\u0101pj L\u012bguma noteikumus.<\/p>\n<p>7.4. P\u0101rdev\u0113js ties\u012bgs pras\u012bt Pirc\u0113jam atc\u0113l\u0113ja l\u012bguma nosl\u0113g\u0161anu, ja Pirc\u0113js neizpilda L\u012bguma 3.3.punkt\u0101 noteikt\u0101s pras\u012bbas. \u0160\u0101d\u0101 gad\u012bjum\u0101 P\u0101rdev\u0113js ties\u012bgs patur\u0113t samaks\u0101to pirkuma maksu k\u0101 l\u012bgumsodu par saist\u012bbu neizpildi.<\/p>\n<p>7.5. Visi str\u012bdi, kas rodas starp Pus\u0113m \u0161\u012b L\u012bguma sakar\u0101, tiek risin\u0101ti sarunu ce\u013c\u0101. Ja savstarp\u0113ja vieno\u0161an\u0101s netiek pan\u0101kta, str\u012bdi iz\u0161\u0137irami Latvijas Republikas visp\u0101r\u0113j\u0101s jurisdikcijas ties\u0101, Latvijas Republikas normat\u012bvajos aktos noteiktaj\u0101 k\u0101rt\u012bb\u0101.<\/p>\n<p>7.6. Visi L\u012bguma groz\u012bjumi un papildin\u0101jumi b\u016bs sp\u0113k\u0101 tikai tad, ja tie b\u016bs noform\u0113ti rakstiski un abu pu\u0161u pilnvaroto p\u0101rst\u0101vju parakst\u012bti.<\/p>\n<p>7.7. L\u012bgums sagatavots uz 2 (div\u0101m) lap\u0101m ar pielikumu uz 2 (div\u0101m lap\u0101m) un parakst\u012bts 2 (divos) identiskos eksempl\u0101ros latvie\u0161u valod\u0101, katrai Pusei pa vienam eksempl\u0101ram.<\/p>\n","protected":false},"excerpt":{"rendered":"<p>PIRKUMA L\u012aGUMS Nr.___ R\u012bg\u0101 20__.gada __._____ SIA \u201eAutobuks\u201d, re\u0123istr\u0101cijas nr.: 40203348235, t\u0101s klientu konsultants \u2026\u2026\u2026\u2026 person\u0101, kur\u0161 darbojas pamatojoties uz Stat\u016btiem, turpm\u0101k \u2013 P\u0101rdev\u0113js, no vienas puses, un: \u2026\u2026\u2026\u2026 &#8211; \u2026\u2026\u2026\u2026 korespondences \u2026\u2026\u2026\u2026\u2026\u2026., turpm\u0101k &#8211; Pirc\u0113js, no otras puses, turpm\u0101k tekst\u0101 abi kop\u0101 \u201ePuses\u201d, nosl\u0113dz sekojo\u0161a satura l\u012bgumu, turpm\u0101k tekst\u0101 &#8211; L\u012bgums: 1. L\u012bguma priek\u0161mets [&hellip;]<\/p>\n","protected":false},"author":1,"featured_media":0,"parent":0,"menu_order":0,"comment_status":"closed","ping_status":"closed","template":"","meta":{"_acf_changed":false,"inline_featured_image":false,"footnotes":""},"class_list":["post-1081","page","type-page","status-publish","hentry"],"acf":[],"aioseo_notices":[],"_links":{"self":[{"href":"https:\/\/carsoutlet.lv\/ru\/wp-json\/wp\/v2\/pages\/1081","targetHints":{"allow":["GET"]}}],"collection":[{"href":"https:\/\/carsoutlet.lv\/ru\/wp-json\/wp\/v2\/pages"}],"about":[{"href":"https:\/\/carsoutlet.lv\/ru\/wp-json\/wp\/v2\/types\/page"}],"author":[{"embeddable":true,"href":"https:\/\/carsoutlet.lv\/ru\/wp-json\/wp\/v2\/users\/1"}],"replies":[{"embeddable":true,"href":"https:\/\/carsoutlet.lv\/ru\/wp-json\/wp\/v2\/comments?post=1081"}],"version-history":[{"count":6,"href":"https:\/\/carsoutlet.lv\/ru\/wp-json\/wp\/v2\/pages\/1081\/revisions"}],"predecessor-version":[{"id":6605,"href":"https:\/\/carsoutlet.lv\/ru\/wp-json\/wp\/v2\/pages\/1081\/revisions\/6605"}],"wp:attachment":[{"href":"https:\/\/carsoutlet.lv\/ru\/wp-json\/wp\/v2\/media?parent=1081"}],"curies":[{"name":"wp","href":"https:\/\/api.w.org\/{rel}","templated":true}]}}